{"id":180,"date":"2014-09-21T20:20:57","date_gmt":"2014-09-21T20:20:57","guid":{"rendered":"http:\/\/dietasaudeebemestar.com\/?page_id=180"},"modified":"2018-10-25T14:10:35","modified_gmt":"2018-10-25T14:10:35","slug":"abr-sobre","status":"publish","type":"page","link":"https:\/\/abr.ind.br\/es\/abr-sobre\/","title":{"rendered":"ABR"},"content":{"rendered":"<body><p><\/p><div class=\"row\"><div class=\"col-sm-6\"><h5 style=\"text-align: center;\"><span style=\"color: #00aeef;\"><strong>ABR<\/strong><\/span><\/h5>\n<p style=\"text-align: left;\">Fundada en 1979, ABR naci\u00f3 con el objetivo de convertirse en uno de los proveedores l\u00edderes de sistemas de sellado de motores para autom\u00f3viles. La calidad y la innovaci\u00f3n siempre han sido el combustible para el crecimiento de la empresa desde los primeros a\u00f1os. ABR ha adoptado un estricto control de calidad y altas inversiones en tecnolog\u00eda, ganando los certificados de calidad ISO 9001 y IATF 16.949. El proceso de ingenier\u00eda integrado con los clientes asegur\u00f3 que ABR se convirtiera en una de las primeras compa\u00f1\u00edas en ofrecer productos en materiales libres de amianto y juntas de culata con High Torque Retention Material. La inversi\u00f3n en innovaci\u00f3n levant\u00f3 a ABR para alcanzar la posici\u00f3n de uno de los proveedores m\u00e1s reputados en el mercado OEM, ganando importantes premios de calidad.<br>\nToda la experiencia con el suministro de OEM ha impulsado la expansi\u00f3n del negocio al mercado de reposici\u00f3n automotriz. El compromiso de ABR es garantizar el mismo nivel de desarrollo y calidad para todos los clientes.<br>\nActualmente, hay m\u00e1s de 200 empleados especializados y capacitados que trabajan en un \u00e1rea total de 9000 m2. Profesionales dedicados a mantener a ABR como uno de los principales proveedores para OEM y Tier1 del mercado Brasile\u00f1o e internacional, adem\u00e1s de garantizar la asistencia total de la mezcla de juntas y retenes para el mercado de repuestos de autom\u00f3viles.<\/p><\/div><br>\n<div class=\"col-sm-6 \"><br>\n<img decoding=\"async\" class=\"alignnone size-full wp-image-331\" src=\"http:\/\/www.abr.ind.br\/wp-content\/uploads\/2014\/09\/ABR-Foto1.png\" alt=\"ABR Foto\" width=\"633\" height=\"342\" loading=\"lazy\" srcset=\"https:\/\/abr.ind.br\/wp-content\/uploads\/2014\/09\/ABR-Foto1.png 633w, https:\/\/abr.ind.br\/wp-content\/uploads\/2014\/09\/ABR-Foto1-300x162.png 300w, https:\/\/abr.ind.br\/wp-content\/uploads\/2014\/09\/ABR-Foto1-260x140.png 260w\" sizes=\"auto, (max-width: 633px) 100vw, 633px\" \/><br><\/div><br><\/div>\n<p>\u00a0<\/p>\n<p>\u00a0<\/p>\n<\/body>","protected":false},"excerpt":{"rendered":"<p>\u00a0 \u00a0<\/p>\n","protected":false},"author":1,"featured_media":0,"parent":0,"menu_order":0,"comment_status":"closed","ping_status":"closed","template":"","meta":{"footnotes":""},"class_list":["post-180","page","type-page","status-publish","hentry"],"_links":{"self":[{"href":"https:\/\/abr.ind.br\/es\/wp-json\/wp\/v2\/pages\/180","targetHints":{"allow":["GET"]}}],"collection":[{"href":"https:\/\/abr.ind.br\/es\/wp-json\/wp\/v2\/pages"}],"about":[{"href":"https:\/\/abr.ind.br\/es\/wp-json\/wp\/v2\/types\/page"}],"author":[{"embeddable":true,"href":"https:\/\/abr.ind.br\/es\/wp-json\/wp\/v2\/users\/1"}],"replies":[{"embeddable":true,"href":"https:\/\/abr.ind.br\/es\/wp-json\/wp\/v2\/comments?post=180"}],"version-history":[{"count":9,"href":"https:\/\/abr.ind.br\/es\/wp-json\/wp\/v2\/pages\/180\/revisions"}],"predecessor-version":[{"id":776,"href":"https:\/\/abr.ind.br\/es\/wp-json\/wp\/v2\/pages\/180\/revisions\/776"}],"wp:attachment":[{"href":"https:\/\/abr.ind.br\/es\/wp-json\/wp\/v2\/media?parent=180"}],"curies":[{"name":"wp","href":"https:\/\/api.w.org\/{rel}","templated":true}]}}