{"id":182,"date":"2014-09-21T20:21:34","date_gmt":"2014-09-21T20:21:34","guid":{"rendered":"http:\/\/dietasaudeebemestar.com\/?page_id=182"},"modified":"2018-10-25T14:07:15","modified_gmt":"2018-10-25T14:07:15","slug":"pesquisa-desenvolvimento","status":"publish","type":"page","link":"https:\/\/abr.ind.br\/es\/pesquisa-desenvolvimento\/","title":{"rendered":"Pesquisa &#038; Desenvolvimento"},"content":{"rendered":"<body><p><\/p><div class=\"row\"><div class=\"col-sm-6\"><h5 style=\"text-align: center;\"><span style=\"color: #00aeef;\"><strong>INVESTIGACI\u00d3N Y DESARROLLO<\/strong><\/span><\/h5>\n<p style=\"text-align: left;\">La calidad es una preocupaci\u00f3n importante en el desarrollo de l\u00edneas de productos ABR. Las constantes inversiones en los sectores de investigaci\u00f3n y tecnolog\u00eda permiten actualizar peri\u00f3dicamente la l\u00ednea de productos.<br>\nDesde el dise\u00f1o hasta la homologaci\u00f3n, todas las fases se someten a un estricto control de calidad, lo que garantiza la m\u00e1xima fiabilidad de los productos y optimiza los procesos de producci\u00f3n.<br>\nEl parque de la f\u00e1brica cuenta con equipos de \u00faltima generaci\u00f3n y tiene capacidad para fabricar m\u00e1s de 5,000,000 piezas por mes. El complejo de producci\u00f3n tambi\u00e9n tiene un laboratorio con los principales equipos de investigaci\u00f3n y desarrollo para nuevos productos y tecnolog\u00edas.<\/p><\/div><br>\n<div class=\"col-sm-6 \"><img decoding=\"async\" class=\"alignnone size-full wp-image-485\" src=\"http:\/\/www.abr.ind.br\/wp-content\/uploads\/2014\/09\/layout-ABR.png\" alt=\"layout ABR\" width=\"438\" height=\"563\" loading=\"lazy\" srcset=\"https:\/\/abr.ind.br\/wp-content\/uploads\/2014\/09\/layout-ABR.png 438w, https:\/\/abr.ind.br\/wp-content\/uploads\/2014\/09\/layout-ABR-233x300.png 233w, https:\/\/abr.ind.br\/wp-content\/uploads\/2014\/09\/layout-ABR-155x200.png 155w\" sizes=\"auto, (max-width: 438px) 100vw, 438px\" \/><\/div><\/div><\/p>\n<\/body>","protected":false},"excerpt":{"rendered":"","protected":false},"author":1,"featured_media":0,"parent":0,"menu_order":0,"comment_status":"closed","ping_status":"closed","template":"","meta":{"footnotes":""},"class_list":["post-182","page","type-page","status-publish","hentry"],"_links":{"self":[{"href":"https:\/\/abr.ind.br\/es\/wp-json\/wp\/v2\/pages\/182","targetHints":{"allow":["GET"]}}],"collection":[{"href":"https:\/\/abr.ind.br\/es\/wp-json\/wp\/v2\/pages"}],"about":[{"href":"https:\/\/abr.ind.br\/es\/wp-json\/wp\/v2\/types\/page"}],"author":[{"embeddable":true,"href":"https:\/\/abr.ind.br\/es\/wp-json\/wp\/v2\/users\/1"}],"replies":[{"embeddable":true,"href":"https:\/\/abr.ind.br\/es\/wp-json\/wp\/v2\/comments?post=182"}],"version-history":[{"count":11,"href":"https:\/\/abr.ind.br\/es\/wp-json\/wp\/v2\/pages\/182\/revisions"}],"predecessor-version":[{"id":775,"href":"https:\/\/abr.ind.br\/es\/wp-json\/wp\/v2\/pages\/182\/revisions\/775"}],"wp:attachment":[{"href":"https:\/\/abr.ind.br\/es\/wp-json\/wp\/v2\/media?parent=182"}],"curies":[{"name":"wp","href":"https:\/\/api.w.org\/{rel}","templated":true}]}}