{"id":184,"date":"2014-09-21T20:21:52","date_gmt":"2014-09-21T20:21:52","guid":{"rendered":"http:\/\/dietasaudeebemestar.com\/?page_id=184"},"modified":"2018-10-25T16:53:56","modified_gmt":"2018-10-25T16:53:56","slug":"aplicacoes-2","status":"publish","type":"page","link":"https:\/\/abr.ind.br\/es\/aplicacoes-2\/","title":{"rendered":"Aplica\u00e7\u00f5es"},"content":{"rendered":"<body><p><\/p><div class=\"row\"><div class=\"col-sm-6\"><h5 style=\"text-align: center;\"><span style=\"color: #00aeef;\"><strong>APLICACI\u00d3N<\/strong><\/span><\/h5>\n<p style=\"text-align: left;\">La alta calidad est\u00e1ndar y la tecnolog\u00eda de los productos ABR los hacen presentes en los fabricantes de autom\u00f3viles m\u00e1s grandes del mundo. Proveedor original para fabricantes de autom\u00f3viles de todo el mundo, ABR ofrece una mezcla completa de productos a las principales industrias automotrices. Soluci\u00f3n completa para el mercado OEM y el mercado de reposici\u00f3n.<\/p><\/div> <\/p>\n<div class=\"col-sm-8 \"><br><img decoding=\"async\" class=\"size-full wp-image-400 alignright\" src=\"http:\/\/www.abr.ind.br\/wp-content\/uploads\/2014\/09\/aplica%C3%A7%C3%B5es-imagem2.png\" alt=\"aplica\u00e7\u00f5es imagem\" width=\"1016\" height=\"612\" loading=\"lazy\"><br><\/div><br><\/div>\n<p>\u00a0<\/p>\n<p><\/p>\n<\/body>","protected":false},"excerpt":{"rendered":"<p>\u00a0<\/p>\n","protected":false},"author":1,"featured_media":0,"parent":0,"menu_order":0,"comment_status":"open","ping_status":"closed","template":"","meta":{"footnotes":""},"class_list":["post-184","page","type-page","status-publish","hentry"],"_links":{"self":[{"href":"https:\/\/abr.ind.br\/es\/wp-json\/wp\/v2\/pages\/184","targetHints":{"allow":["GET"]}}],"collection":[{"href":"https:\/\/abr.ind.br\/es\/wp-json\/wp\/v2\/pages"}],"about":[{"href":"https:\/\/abr.ind.br\/es\/wp-json\/wp\/v2\/types\/page"}],"author":[{"embeddable":true,"href":"https:\/\/abr.ind.br\/es\/wp-json\/wp\/v2\/users\/1"}],"replies":[{"embeddable":true,"href":"https:\/\/abr.ind.br\/es\/wp-json\/wp\/v2\/comments?post=184"}],"version-history":[{"count":4,"href":"https:\/\/abr.ind.br\/es\/wp-json\/wp\/v2\/pages\/184\/revisions"}],"predecessor-version":[{"id":777,"href":"https:\/\/abr.ind.br\/es\/wp-json\/wp\/v2\/pages\/184\/revisions\/777"}],"wp:attachment":[{"href":"https:\/\/abr.ind.br\/es\/wp-json\/wp\/v2\/media?parent=184"}],"curies":[{"name":"wp","href":"https:\/\/api.w.org\/{rel}","templated":true}]}}