{"id":504,"date":"2014-12-16T18:36:04","date_gmt":"2014-12-16T18:36:04","guid":{"rendered":"http:\/\/www.abr.ind.br\/?page_id=504"},"modified":"2018-10-31T11:04:50","modified_gmt":"2018-10-31T11:04:50","slug":"qualidade","status":"publish","type":"page","link":"https:\/\/abr.ind.br\/es\/qualidade\/","title":{"rendered":"QUALIDADE"},"content":{"rendered":"<body><p><\/p>\t\t<\/p>\n<div id=\"highlighted-region\" class=\"highlighted text-color-light\">\n<div id=\"highlighted-slider-2-block\" class=\"highlighted-slider-2\">\n<div class=\"flex-bullet-slider\">\n<ul class=\"slides\">\n<li>\n<figure>\n\t\t\t\t\t\t\t\t\t<img decoding=\"async\" src=\"http:\/\/www.abr.ind.br\/wp-content\/uploads\/2018\/10\/bola-ESP.jpg\" class=\"img-responsive img-full-width\" alt=\"Slider image\" loading=\"lazy\"><figcaption class=\"overlay overlay-30 text-center\">\n<div class=\"highlighted-slider-2-content\"><\/div>\n<p> <!-- \/highlighted-slider-2-content --><br>\n\t\t\t\t\t\t\t\t\t<\/p><\/figcaption><\/figure>\n<\/li>\n<\/ul><\/div>\n<p> <!-- \/flex-bullet-slider --><\/p><\/div>\n<p> <!-- \/highlighted-slider-2-block -->\n\t\t<\/p><\/div>\n<p> <!-- \/highlighted-region --><\/p>\n<div class=\"row\"><div class=\"col-sm-6\"><p>Nuestra pol\u00edtica de calidad cubre todos los procesos de trabajo que involucran a nuestra empresa. Invertimos en programas de capacitaci\u00f3n y desarrollo personal para brindar un mejor servicio y satisfacer las necesidades y requisitos de nuestros clientes.<br>\nEcha un vistazo a nuestra Pol\u00edtica de Calidad:<br>\nPol\u00edtica de calidad<br>\nABR est\u00e1 comprometido permanentemente con:<br>\n* satisfacer las necesidades de los clientes y otras partes interesadas y sus requisitos;<br>\n* La calidad de los productos;<br>\n* la b\u00fasqueda continua de condiciones comerciales competitivas;<br>\n* el plazo de entrega;<br>\n* mejora continua de los procesos con el objetivo de reducir los costos operativos;<br>\n* La implementaci\u00f3n de programas de capacitaci\u00f3n y desarrollo personal;<\/p><\/div><br>\n<div class=\"col-sm-6 \"><p>La calidad del producto es el resultado de un proceso de investigaci\u00f3n constante que impulsa las inversiones en tecnolog\u00eda y nuevos equipos, garantizando la mejora continua del producto final y la reducci\u00f3n de los costos operativos y el tiempo. Un completo sistema de control de calidad para garantizar una buena experiencia para nuestros clientes.<\/p><\/div><br><\/div>\n<\/p><p><\/p>\n<\/body>","protected":false},"excerpt":{"rendered":"","protected":false},"author":1,"featured_media":0,"parent":0,"menu_order":0,"comment_status":"open","ping_status":"closed","template":"","meta":{"footnotes":""},"class_list":["post-504","page","type-page","status-publish","hentry"],"_links":{"self":[{"href":"https:\/\/abr.ind.br\/es\/wp-json\/wp\/v2\/pages\/504","targetHints":{"allow":["GET"]}}],"collection":[{"href":"https:\/\/abr.ind.br\/es\/wp-json\/wp\/v2\/pages"}],"about":[{"href":"https:\/\/abr.ind.br\/es\/wp-json\/wp\/v2\/types\/page"}],"author":[{"embeddable":true,"href":"https:\/\/abr.ind.br\/es\/wp-json\/wp\/v2\/users\/1"}],"replies":[{"embeddable":true,"href":"https:\/\/abr.ind.br\/es\/wp-json\/wp\/v2\/comments?post=504"}],"version-history":[{"count":22,"href":"https:\/\/abr.ind.br\/es\/wp-json\/wp\/v2\/pages\/504\/revisions"}],"predecessor-version":[{"id":847,"href":"https:\/\/abr.ind.br\/es\/wp-json\/wp\/v2\/pages\/504\/revisions\/847"}],"wp:attachment":[{"href":"https:\/\/abr.ind.br\/es\/wp-json\/wp\/v2\/media?parent=504"}],"curies":[{"name":"wp","href":"https:\/\/api.w.org\/{rel}","templated":true}]}}