{"id":51,"date":"2014-10-21T18:25:45","date_gmt":"2014-10-21T18:25:45","guid":{"rendered":"http:\/\/dietasaudeebemestar.com\/?page_id=51"},"modified":"2025-03-19T15:23:58","modified_gmt":"2025-03-19T15:23:58","slug":"51-2","status":"publish","type":"page","link":"https:\/\/abr.ind.br\/es\/","title":{"rendered":""},"content":{"rendered":"<body><p><\/p>\t\t<\/p>\n<div id=\"highlighted-region\" class=\"highlighted text-color-light\">\n<div id=\"highlighted-slider-2-block\" class=\"highlighted-slider-2\">\n<div class=\"flex-bullet-slider\">\n<ul class=\"slides\">\n<li>\n<figure>\n\t\t\t\t\t\t\t\t\t<img decoding=\"async\" src=\"http:\/\/www.abr.ind.br\/wp-content\/uploads\/2018\/11\/motor-M-ESP.jpg\" class=\"img-responsive img-full-width\" alt=\"Slider image\" loading=\"lazy\"><figcaption class=\"overlay overlay-30 text-center\">\n<div class=\"highlighted-slider-2-content\"><\/div>\n<p> <!-- \/highlighted-slider-2-content --><br>\n\t\t\t\t\t\t\t\t\t<\/p><\/figcaption><\/figure>\n<\/li>\n<li>\n<figure>\n\t\t\t\t\t\t\t\t\t<img decoding=\"async\" src=\"http:\/\/www.abr.ind.br\/wp-content\/uploads\/2018\/11\/garra-esp.jpg\" class=\"img-responsive img-full-width\" alt=\"Slider image\" loading=\"lazy\"><figcaption class=\"overlay overlay-30 text-center\">\n<div class=\"highlighted-slider-2-content\"><\/div>\n<p> <!-- \/highlighted-slider-2-content --><br>\n\t\t\t\t\t\t\t\t\t<\/p><\/figcaption><\/figure>\n<\/li>\n<li>\n<figure>\n\t\t\t\t\t\t\t\t\t<img decoding=\"async\" src=\"http:\/\/www.abr.ind.br\/wp-content\/uploads\/2018\/11\/CORA%C3%87%C3%83O-ESP.jpg\" class=\"img-responsive img-full-width\" alt=\"Slider image\" loading=\"lazy\"><figcaption class=\"overlay overlay-30 text-center\">\n<div class=\"highlighted-slider-2-content\"><\/div>\n<p> <!-- \/highlighted-slider-2-content --><br>\n\t\t\t\t\t\t\t\t\t<\/p><\/figcaption><\/figure>\n<\/li>\n<\/ul><\/div>\n<p> <!-- \/flex-bullet-slider --><\/p><\/div>\n<p> <!-- \/highlighted-slider-2-block -->\n\t\t<\/p><\/div>\n<p> <!-- \/highlighted-region --><\/p>\n<div id=\"51-2\" class=\"content\">\n<section class=\"padding-top-none padding-bottom-none  bg-image-cover section-type-about\" id=\"section-2\" style=\"background-color: #fff;\">\n<div class=\"about-content\">\n<div class=\"container\">\n<div class=\"row\">\n<div class=\"col-xs-12 col-md-8 col-md-offset-2 text-center\">\n<div class=\"section-type-about-content\">\n<p style=\"text-align: center;\"><div class=\"row\"><div class=\"col-sm-4\"><h5 style=\"text-align: center;\"><span style=\"color: #00aeef;\"><strong>ABR<\/strong><\/span><\/h5>\n<p style=\"text-align: left;\">Las juntas ABR y los retenes de aceite se desarrollan para garantizar que nada pase la barrera de sellado. Los componentes de alta tecnolog\u00eda proporcionan el m\u00e1ximo rendimiento del motor incluso en las situaciones m\u00e1s extremas.<\/p>\n<p style=\"text-align: center;\"><\/div> <div class=\"col-sm-4\"><h5 style=\"text-align: center;\"><span style=\"color: #00aeef;\"><strong>OEM<\/strong><\/span><\/h5>\n<p style=\"text-align: left;\">ABR es uno de los proveedores de juntas y retenes m\u00e1s reputados en el mercado OEM. La constante inversi\u00f3n en innovaci\u00f3n garantiz\u00f3 el logro de importantes premios a la calidad.<\/p>\n<p style=\"text-align: center;\">\u00a0<\/div> <div class=\"col-sm-4 \"><h5 style=\"text-align: center;\"><span style=\"color: #00aeef;\"><strong>AFTERMARKET<\/strong><\/span><\/h5>\n<p style=\"text-align: left;\">Cada experiencia con el suministro OEM ha impulsado la expansi\u00f3n de la compa\u00f1\u00eda en el mercado de reposici\u00f3n. El compromiso de ABR es garantizar el mismo nivel de desarrollo y calidad para todos los clientes.<\/p>\n<p style=\"text-align: left;\"><\/div><\/div>\n<p><span style=\"color: #ffffff;\">Desenvolvido por: <a style=\"color: #ffffff;\" title=\"Ag\u00eancia de marketing digital sp\" href=\"http:\/\/wepost.com.br\">Ag\u00eancia de marketing digital sp<\/a><\/span><\/p><\/div>\n<\/div>\n<\/div>\n<\/div>\n<\/div>\n<\/section>\n<\/div>\n<\/div>\n<\/div>\n<\/div>\n<\/div>\n<\/div>\n<\/section>\n<\/div>\n<\/div>\n<\/div>\n<\/div>\n<\/div>\n<\/div>\n<\/section>\n<\/div>\n<p><\/p>\n<\/body>","protected":false},"excerpt":{"rendered":"<p>Desenvolvido por: Ag\u00eancia de marketing digital sp<\/p>\n","protected":false},"author":1,"featured_media":0,"parent":0,"menu_order":0,"comment_status":"closed","ping_status":"closed","template":"","meta":{"footnotes":""},"class_list":["post-51","page","type-page","status-publish","hentry"],"_links":{"self":[{"href":"https:\/\/abr.ind.br\/es\/wp-json\/wp\/v2\/pages\/51","targetHints":{"allow":["GET"]}}],"collection":[{"href":"https:\/\/abr.ind.br\/es\/wp-json\/wp\/v2\/pages"}],"about":[{"href":"https:\/\/abr.ind.br\/es\/wp-json\/wp\/v2\/types\/page"}],"author":[{"embeddable":true,"href":"https:\/\/abr.ind.br\/es\/wp-json\/wp\/v2\/users\/1"}],"replies":[{"embeddable":true,"href":"https:\/\/abr.ind.br\/es\/wp-json\/wp\/v2\/comments?post=51"}],"version-history":[{"count":19,"href":"https:\/\/abr.ind.br\/es\/wp-json\/wp\/v2\/pages\/51\/revisions"}],"predecessor-version":[{"id":906,"href":"https:\/\/abr.ind.br\/es\/wp-json\/wp\/v2\/pages\/51\/revisions\/906"}],"wp:attachment":[{"href":"https:\/\/abr.ind.br\/es\/wp-json\/wp\/v2\/media?parent=51"}],"curies":[{"name":"wp","href":"https:\/\/api.w.org\/{rel}","templated":true}]}}